{"id":47752,"date":"2022-07-28T09:19:35","date_gmt":"2022-07-28T07:19:35","guid":{"rendered":"https:\/\/www.dm-experts.fr\/thank-you-for-your-request\/"},"modified":"2026-02-26T15:06:50","modified_gmt":"2026-02-26T14:06:50","slug":"thank-you-for-your-request","status":"publish","type":"page","link":"https:\/\/www.dm-experts.fr\/en\/thank-you-for-your-request\/","title":{"rendered":"Thank you for your request"},"content":{"rendered":"\t\t<div data-elementor-type=\"wp-page\" data-elementor-id=\"47752\" class=\"elementor elementor-47752 elementor-21765\" data-elementor-post-type=\"page\">\n\t\t\t\t\t\t<section class=\"elementor-section elementor-top-section elementor-element elementor-element-3deb2a6 elementor-section-boxed elementor-section-height-default elementor-section-height-default\" data-id=\"3deb2a6\" data-element_type=\"section\">\n\t\t\t\t\t\t<div class=\"elementor-container elementor-column-gap-default\">\n\t\t\t\t\t<div class=\"elementor-column elementor-col-100 elementor-top-column elementor-element elementor-element-2d9fdb5\" data-id=\"2d9fdb5\" data-element_type=\"column\">\n\t\t\t<div class=\"elementor-widget-wrap elementor-element-populated\">\n\t\t\t\t\t\t<div class=\"elementor-element elementor-element-33a5992 elementor-widget elementor-widget-text-editor\" data-id=\"33a5992\" data-element_type=\"widget\" data-widget_type=\"text-editor.default\">\n\t\t\t\t<div class=\"elementor-widget-container\">\n\t\t\t\t\t\t\t\t\t<p>Thank you for your inquiry.<br><\/p>\t\t\t\t\t\t\t\t<\/div>\n\t\t\t\t<\/div>\n\t\t\t\t\t<\/div>\n\t\t<\/div>\n\t\t\t\t\t<\/div>\n\t\t<\/section>\n\t\t\t\t<section class=\"elementor-section elementor-top-section elementor-element elementor-element-a80187b elementor-section-full_width elementor-section-height-min-height elementor-section-height-default elementor-section-items-middle\" data-id=\"a80187b\" data-element_type=\"section\" data-settings=\"{&quot;background_background&quot;:&quot;classic&quot;}\">\n\t\t\t\t\t\t<div class=\"elementor-container elementor-column-gap-default\">\n\t\t\t\t\t<div class=\"elementor-column elementor-col-50 elementor-top-column elementor-element elementor-element-1ed487b\" data-id=\"1ed487b\" data-element_type=\"column\">\n\t\t\t<div class=\"elementor-widget-wrap elementor-element-populated\">\n\t\t\t\t\t\t<div class=\"elementor-element elementor-element-d19beb3 elementor-widget elementor-widget-image\" data-id=\"d19beb3\" data-element_type=\"widget\" data-widget_type=\"image.default\">\n\t\t\t\t<div class=\"elementor-widget-container\">\n\t\t\t\t\t\t\t\t\t\t\t\t\t\t\t<img fetchpriority=\"high\" decoding=\"async\" width=\"800\" height=\"423\" src=\"https:\/\/www.dm-experts.fr\/wp-content\/uploads\/2022\/07\/DM_Experts_consultant_telephone-1024x542.jpg\" class=\"attachment-large size-large wp-image-42545\" alt=\"\" srcset=\"https:\/\/www.dm-experts.fr\/wp-content\/uploads\/2022\/07\/DM_Experts_consultant_telephone-1024x542.jpg 1024w, https:\/\/www.dm-experts.fr\/wp-content\/uploads\/2022\/07\/DM_Experts_consultant_telephone-300x159.jpg 300w, https:\/\/www.dm-experts.fr\/wp-content\/uploads\/2022\/07\/DM_Experts_consultant_telephone-768x406.jpg 768w, https:\/\/www.dm-experts.fr\/wp-content\/uploads\/2022\/07\/DM_Experts_consultant_telephone-1536x813.jpg 1536w, https:\/\/www.dm-experts.fr\/wp-content\/uploads\/2022\/07\/DM_Experts_consultant_telephone-1320x698.jpg 1320w, https:\/\/www.dm-experts.fr\/wp-content\/uploads\/2022\/07\/DM_Experts_consultant_telephone.jpg 1841w\" sizes=\"(max-width: 800px) 100vw, 800px\" \/>\t\t\t\t\t\t\t\t\t\t\t\t\t\t\t<\/div>\n\t\t\t\t<\/div>\n\t\t\t\t\t<\/div>\n\t\t<\/div>\n\t\t\t\t<div class=\"elementor-column elementor-col-50 elementor-top-column elementor-element elementor-element-d50e5fd\" data-id=\"d50e5fd\" data-element_type=\"column\">\n\t\t\t<div class=\"elementor-widget-wrap elementor-element-populated\">\n\t\t\t\t\t\t<div class=\"elementor-element elementor-element-b3f1693 elementor-widget elementor-widget-text-editor\" data-id=\"b3f1693\" data-element_type=\"widget\" data-widget_type=\"text-editor.default\">\n\t\t\t\t<div class=\"elementor-widget-container\">\n\t\t\t\t\t\t\t\t\t<p><\/p>\n<p>We have recorded your information and will contact you shortly.<\/p>\t\t\t\t\t\t\t\t<\/div>\n\t\t\t\t<\/div>\n\t\t\t\t\t<\/div>\n\t\t<\/div>\n\t\t\t\t\t<\/div>\n\t\t<\/section>\n\t\t\t\t<\/div>\n\t\t","protected":false},"excerpt":{"rendered":"<p>Thank you for your inquiry. We have recorded your information and will contact you shortly.<\/p>\n","protected":false},"author":5,"featured_media":0,"parent":0,"menu_order":10,"comment_status":"closed","ping_status":"closed","template":"elementor_header_footer","meta":{"_monsterinsights_skip_tracking":false,"_monsterinsights_sitenote_active":false,"_monsterinsights_sitenote_note":"","_monsterinsights_sitenote_category":0,"footnotes":""},"class_list":["post-47752","page","type-page","status-publish","hentry"],"yoast_head":"<!-- This site is optimized with the Yoast SEO plugin v26.5 - https:\/\/yoast.com\/wordpress\/plugins\/seo\/ -->\n<title>Thank you for your request - DMEXPERTS - Veille, formation et conseil pour les dispositifs m\u00e9dicaux- R\u00e9seau de consultants<\/title>\n<meta name=\"robots\" content=\"index, follow, max-snippet:-1, max-image-preview:large, max-video-preview:-1\" \/>\n<link rel=\"canonical\" href=\"https:\/\/www.dm-experts.fr\/en\/thank-you-for-your-request\/\" \/>\n<meta property=\"og:locale\" content=\"en_US\" \/>\n<meta property=\"og:type\" content=\"article\" \/>\n<meta property=\"og:title\" content=\"Thank you for your request - DMEXPERTS - Veille, formation et conseil pour les dispositifs m\u00e9dicaux- R\u00e9seau de consultants\" \/>\n<meta property=\"og:description\" content=\"Thank you for your inquiry. We have recorded your information and will contact you shortly.\" \/>\n<meta property=\"og:url\" content=\"https:\/\/www.dm-experts.fr\/en\/thank-you-for-your-request\/\" \/>\n<meta property=\"og:site_name\" content=\"DMEXPERTS - Veille, formation et conseil pour les dispositifs m\u00e9dicaux- R\u00e9seau de consultants\" \/>\n<meta property=\"article:modified_time\" content=\"2026-02-26T14:06:50+00:00\" \/>\n<meta property=\"og:image\" content=\"https:\/\/www.dm-experts.fr\/wp-content\/uploads\/2022\/07\/DM_Experts_consultant_telephone.jpg\" \/>\n\t<meta property=\"og:image:width\" content=\"1841\" \/>\n\t<meta property=\"og:image:height\" content=\"974\" \/>\n\t<meta property=\"og:image:type\" content=\"image\/jpeg\" \/>\n<script type=\"application\/ld+json\" class=\"yoast-schema-graph\">{\"@context\":\"https:\/\/schema.org\",\"@graph\":[{\"@type\":\"WebPage\",\"@id\":\"https:\/\/www.dm-experts.fr\/en\/thank-you-for-your-request\/\",\"url\":\"https:\/\/www.dm-experts.fr\/en\/thank-you-for-your-request\/\",\"name\":\"Thank you for your request - DMEXPERTS - Veille, formation et conseil pour les dispositifs m\u00e9dicaux- R\u00e9seau de consultants\",\"isPartOf\":{\"@id\":\"https:\/\/www.dm-experts.fr\/#website\"},\"primaryImageOfPage\":{\"@id\":\"https:\/\/www.dm-experts.fr\/en\/thank-you-for-your-request\/#primaryimage\"},\"image\":{\"@id\":\"https:\/\/www.dm-experts.fr\/en\/thank-you-for-your-request\/#primaryimage\"},\"thumbnailUrl\":\"https:\/\/www.dm-experts.fr\/wp-content\/uploads\/2022\/07\/DM_Experts_consultant_telephone-1024x542.jpg\",\"datePublished\":\"2022-07-28T07:19:35+00:00\",\"dateModified\":\"2026-02-26T14:06:50+00:00\",\"breadcrumb\":{\"@id\":\"https:\/\/www.dm-experts.fr\/en\/thank-you-for-your-request\/#breadcrumb\"},\"inLanguage\":\"en-US\",\"potentialAction\":[{\"@type\":\"ReadAction\",\"target\":[\"https:\/\/www.dm-experts.fr\/en\/thank-you-for-your-request\/\"]}]},{\"@type\":\"ImageObject\",\"inLanguage\":\"en-US\",\"@id\":\"https:\/\/www.dm-experts.fr\/en\/thank-you-for-your-request\/#primaryimage\",\"url\":\"https:\/\/www.dm-experts.fr\/wp-content\/uploads\/2022\/07\/DM_Experts_consultant_telephone-1024x542.jpg\",\"contentUrl\":\"https:\/\/www.dm-experts.fr\/wp-content\/uploads\/2022\/07\/DM_Experts_consultant_telephone-1024x542.jpg\"},{\"@type\":\"BreadcrumbList\",\"@id\":\"https:\/\/www.dm-experts.fr\/en\/thank-you-for-your-request\/#breadcrumb\",\"itemListElement\":[{\"@type\":\"ListItem\",\"position\":1,\"name\":\"Accueil\",\"item\":\"https:\/\/www.dm-experts.fr\/en\/home\/\"},{\"@type\":\"ListItem\",\"position\":2,\"name\":\"Thank you for your request\"}]},{\"@type\":\"WebSite\",\"@id\":\"https:\/\/www.dm-experts.fr\/#website\",\"url\":\"https:\/\/www.dm-experts.fr\/\",\"name\":\"DMEXPERTS - Veille, formation et conseil pour les dispositifs m\u00e9dicaux- R\u00e9seau de consultants\",\"description\":\"Ensemble, nous r\u00e9ussirons !\",\"publisher\":{\"@id\":\"https:\/\/www.dm-experts.fr\/#organization\"},\"potentialAction\":[{\"@type\":\"SearchAction\",\"target\":{\"@type\":\"EntryPoint\",\"urlTemplate\":\"https:\/\/www.dm-experts.fr\/?s={search_term_string}\"},\"query-input\":{\"@type\":\"PropertyValueSpecification\",\"valueRequired\":true,\"valueName\":\"search_term_string\"}}],\"inLanguage\":\"en-US\"},{\"@type\":\"Organization\",\"@id\":\"https:\/\/www.dm-experts.fr\/#organization\",\"name\":\"DMEXPERTS - Veille, formation et conseil pour les dispositifs m\u00e9dicaux- R\u00e9seau de consultants\",\"url\":\"https:\/\/www.dm-experts.fr\/\",\"logo\":{\"@type\":\"ImageObject\",\"inLanguage\":\"en-US\",\"@id\":\"https:\/\/www.dm-experts.fr\/#\/schema\/logo\/image\/\",\"url\":\"https:\/\/www.dm-experts.fr\/wp-content\/uploads\/2024\/02\/cropped-Logo_DM_Experts_2023_PNG.png\",\"contentUrl\":\"https:\/\/www.dm-experts.fr\/wp-content\/uploads\/2024\/02\/cropped-Logo_DM_Experts_2023_PNG.png\",\"width\":1998,\"height\":1999,\"caption\":\"DMEXPERTS - Veille, formation et conseil pour les dispositifs m\u00e9dicaux- R\u00e9seau de consultants\"},\"image\":{\"@id\":\"https:\/\/www.dm-experts.fr\/#\/schema\/logo\/image\/\"}}]}<\/script>\n<!-- \/ Yoast SEO plugin. -->","yoast_head_json":{"title":"Thank you for your request - DMEXPERTS - Veille, formation et conseil pour les dispositifs m\u00e9dicaux- R\u00e9seau de consultants","robots":{"index":"index","follow":"follow","max-snippet":"max-snippet:-1","max-image-preview":"max-image-preview:large","max-video-preview":"max-video-preview:-1"},"canonical":"https:\/\/www.dm-experts.fr\/en\/thank-you-for-your-request\/","og_locale":"en_US","og_type":"article","og_title":"Thank you for your request - DMEXPERTS - Veille, formation et conseil pour les dispositifs m\u00e9dicaux- R\u00e9seau de consultants","og_description":"Thank you for your inquiry. We have recorded your information and will contact you shortly.","og_url":"https:\/\/www.dm-experts.fr\/en\/thank-you-for-your-request\/","og_site_name":"DMEXPERTS - Veille, formation et conseil pour les dispositifs m\u00e9dicaux- R\u00e9seau de consultants","article_modified_time":"2026-02-26T14:06:50+00:00","og_image":[{"width":1841,"height":974,"url":"https:\/\/www.dm-experts.fr\/wp-content\/uploads\/2022\/07\/DM_Experts_consultant_telephone.jpg","type":"image\/jpeg"}],"schema":{"@context":"https:\/\/schema.org","@graph":[{"@type":"WebPage","@id":"https:\/\/www.dm-experts.fr\/en\/thank-you-for-your-request\/","url":"https:\/\/www.dm-experts.fr\/en\/thank-you-for-your-request\/","name":"Thank you for your request - DMEXPERTS - Veille, formation et conseil pour les dispositifs m\u00e9dicaux- R\u00e9seau de consultants","isPartOf":{"@id":"https:\/\/www.dm-experts.fr\/#website"},"primaryImageOfPage":{"@id":"https:\/\/www.dm-experts.fr\/en\/thank-you-for-your-request\/#primaryimage"},"image":{"@id":"https:\/\/www.dm-experts.fr\/en\/thank-you-for-your-request\/#primaryimage"},"thumbnailUrl":"https:\/\/www.dm-experts.fr\/wp-content\/uploads\/2022\/07\/DM_Experts_consultant_telephone-1024x542.jpg","datePublished":"2022-07-28T07:19:35+00:00","dateModified":"2026-02-26T14:06:50+00:00","breadcrumb":{"@id":"https:\/\/www.dm-experts.fr\/en\/thank-you-for-your-request\/#breadcrumb"},"inLanguage":"en-US","potentialAction":[{"@type":"ReadAction","target":["https:\/\/www.dm-experts.fr\/en\/thank-you-for-your-request\/"]}]},{"@type":"ImageObject","inLanguage":"en-US","@id":"https:\/\/www.dm-experts.fr\/en\/thank-you-for-your-request\/#primaryimage","url":"https:\/\/www.dm-experts.fr\/wp-content\/uploads\/2022\/07\/DM_Experts_consultant_telephone-1024x542.jpg","contentUrl":"https:\/\/www.dm-experts.fr\/wp-content\/uploads\/2022\/07\/DM_Experts_consultant_telephone-1024x542.jpg"},{"@type":"BreadcrumbList","@id":"https:\/\/www.dm-experts.fr\/en\/thank-you-for-your-request\/#breadcrumb","itemListElement":[{"@type":"ListItem","position":1,"name":"Accueil","item":"https:\/\/www.dm-experts.fr\/en\/home\/"},{"@type":"ListItem","position":2,"name":"Thank you for your request"}]},{"@type":"WebSite","@id":"https:\/\/www.dm-experts.fr\/#website","url":"https:\/\/www.dm-experts.fr\/","name":"DMEXPERTS - Veille, formation et conseil pour les dispositifs m\u00e9dicaux- R\u00e9seau de consultants","description":"Ensemble, nous r\u00e9ussirons !","publisher":{"@id":"https:\/\/www.dm-experts.fr\/#organization"},"potentialAction":[{"@type":"SearchAction","target":{"@type":"EntryPoint","urlTemplate":"https:\/\/www.dm-experts.fr\/?s={search_term_string}"},"query-input":{"@type":"PropertyValueSpecification","valueRequired":true,"valueName":"search_term_string"}}],"inLanguage":"en-US"},{"@type":"Organization","@id":"https:\/\/www.dm-experts.fr\/#organization","name":"DMEXPERTS - Veille, formation et conseil pour les dispositifs m\u00e9dicaux- R\u00e9seau de consultants","url":"https:\/\/www.dm-experts.fr\/","logo":{"@type":"ImageObject","inLanguage":"en-US","@id":"https:\/\/www.dm-experts.fr\/#\/schema\/logo\/image\/","url":"https:\/\/www.dm-experts.fr\/wp-content\/uploads\/2024\/02\/cropped-Logo_DM_Experts_2023_PNG.png","contentUrl":"https:\/\/www.dm-experts.fr\/wp-content\/uploads\/2024\/02\/cropped-Logo_DM_Experts_2023_PNG.png","width":1998,"height":1999,"caption":"DMEXPERTS - Veille, formation et conseil pour les dispositifs m\u00e9dicaux- R\u00e9seau de consultants"},"image":{"@id":"https:\/\/www.dm-experts.fr\/#\/schema\/logo\/image\/"}}]}},"_links":{"self":[{"href":"https:\/\/www.dm-experts.fr\/en\/wp-json\/wp\/v2\/pages\/47752","targetHints":{"allow":["GET"]}}],"collection":[{"href":"https:\/\/www.dm-experts.fr\/en\/wp-json\/wp\/v2\/pages"}],"about":[{"href":"https:\/\/www.dm-experts.fr\/en\/wp-json\/wp\/v2\/types\/page"}],"author":[{"embeddable":true,"href":"https:\/\/www.dm-experts.fr\/en\/wp-json\/wp\/v2\/users\/5"}],"replies":[{"embeddable":true,"href":"https:\/\/www.dm-experts.fr\/en\/wp-json\/wp\/v2\/comments?post=47752"}],"version-history":[{"count":0,"href":"https:\/\/www.dm-experts.fr\/en\/wp-json\/wp\/v2\/pages\/47752\/revisions"}],"wp:attachment":[{"href":"https:\/\/www.dm-experts.fr\/en\/wp-json\/wp\/v2\/media?parent=47752"}],"curies":[{"name":"wp","href":"https:\/\/api.w.org\/{rel}","templated":true}]}}