{"id":43281,"date":"2014-07-07T13:00:01","date_gmt":"2014-07-07T11:00:01","guid":{"rendered":"https:\/\/www.dm-experts.fr\/regulatory-and-standards-flash\/"},"modified":"2025-10-22T17:45:03","modified_gmt":"2025-10-22T15:45:03","slug":"regulatory-and-standards-flash","status":"publish","type":"page","link":"https:\/\/www.dm-experts.fr\/en\/regulatory-and-standards-flash\/","title":{"rendered":"Regulatory and standards Flash"},"content":{"rendered":"\t\t<div data-elementor-type=\"wp-page\" data-elementor-id=\"43281\" class=\"elementor elementor-43281 elementor-2966\" data-elementor-post-type=\"page\">\n\t\t\t\t\t\t<section class=\"elementor-section elementor-top-section elementor-element elementor-element-2d2cfd83 elementor-section-boxed elementor-section-height-default elementor-section-height-default\" data-id=\"2d2cfd83\" data-element_type=\"section\">\n\t\t\t\t\t\t<div class=\"elementor-container elementor-column-gap-default\">\n\t\t\t\t\t<div class=\"elementor-column elementor-col-50 elementor-top-column elementor-element elementor-element-59790a08\" data-id=\"59790a08\" data-element_type=\"column\">\n\t\t\t<div class=\"elementor-widget-wrap elementor-element-populated\">\n\t\t\t\t\t\t<div class=\"elementor-element elementor-element-bb90e7e elementor-align-left elementor-widget elementor-widget-breadcrumbs\" data-id=\"bb90e7e\" data-element_type=\"widget\" data-widget_type=\"breadcrumbs.default\">\n\t\t\t\t<div class=\"elementor-widget-container\">\n\t\t\t\t\t<p id=\"breadcrumbs\"><span><span><a href=\"https:\/\/www.dm-experts.fr\/en\/home\/\">Accueil<\/a><\/span><\/span><\/p>\t\t\t\t<\/div>\n\t\t\t\t<\/div>\n\t\t\t\t\t<\/div>\n\t\t<\/div>\n\t\t\t\t<div class=\"elementor-column elementor-col-50 elementor-top-column elementor-element elementor-element-4bb4a252\" data-id=\"4bb4a252\" data-element_type=\"column\">\n\t\t\t<div class=\"elementor-widget-wrap elementor-element-populated\">\n\t\t\t\t\t\t<div class=\"elementor-element elementor-element-1e342238 elementor-align-right elementor-widget__width-auto elementor-widget elementor-widget-button\" data-id=\"1e342238\" data-element_type=\"widget\" data-widget_type=\"button.default\">\n\t\t\t\t<div class=\"elementor-widget-container\">\n\t\t\t\t\t\t\t\t\t<div class=\"elementor-button-wrapper\">\n\t\t\t\t\t<a class=\"elementor-button elementor-button-link elementor-size-sm\" href=\"https:\/\/www.dm-experts.fr\/rechercher\/\">\n\t\t\t\t\t\t<span class=\"elementor-button-content-wrapper\">\n\t\t\t\t\t\t\t\t\t<span class=\"elementor-button-text\">Search an article<\/span>\n\t\t\t\t\t<\/span>\n\t\t\t\t\t<\/a>\n\t\t\t\t<\/div>\n\t\t\t\t\t\t\t\t<\/div>\n\t\t\t\t<\/div>\n\t\t\t\t<div class=\"elementor-element elementor-element-5b6e827a elementor-align-right elementor-widget__width-auto elementor-widget elementor-widget-button\" data-id=\"5b6e827a\" data-element_type=\"widget\" data-widget_type=\"button.default\">\n\t\t\t\t<div class=\"elementor-widget-container\">\n\t\t\t\t\t\t\t\t\t<div class=\"elementor-button-wrapper\">\n\t\t\t\t\t<a class=\"elementor-button elementor-button-link elementor-size-sm\" href=\"https:\/\/www.dm-experts.fr\/flash-reglementaire-normatif\/abonnement-actualites-dispositifs-medicaux\/\">\n\t\t\t\t\t\t<span class=\"elementor-button-content-wrapper\">\n\t\t\t\t\t\t\t\t\t<span class=\"elementor-button-text\">Our free watch<\/span>\n\t\t\t\t\t<\/span>\n\t\t\t\t\t<\/a>\n\t\t\t\t<\/div>\n\t\t\t\t\t\t\t\t<\/div>\n\t\t\t\t<\/div>\n\t\t\t\t\t<\/div>\n\t\t<\/div>\n\t\t\t\t\t<\/div>\n\t\t<\/section>\n\t\t\t\t<section class=\"elementor-section elementor-top-section elementor-element elementor-element-3d6885f elementor-section-boxed elementor-section-height-default elementor-section-height-default\" data-id=\"3d6885f\" data-element_type=\"section\">\n\t\t\t\t\t\t<div class=\"elementor-container elementor-column-gap-default\">\n\t\t\t\t\t<div class=\"elementor-column elementor-col-100 elementor-top-column elementor-element elementor-element-4624574\" data-id=\"4624574\" data-element_type=\"column\">\n\t\t\t<div class=\"elementor-widget-wrap elementor-element-populated\">\n\t\t\t\t\t\t<div class=\"elementor-element elementor-element-22e3d8b elementor-nav-menu__align-start elementor-nav-menu--dropdown-tablet elementor-nav-menu__text-align-aside elementor-nav-menu--toggle elementor-nav-menu--burger elementor-widget elementor-widget-nav-menu\" data-id=\"22e3d8b\" data-element_type=\"widget\" data-settings=\"{&quot;layout&quot;:&quot;horizontal&quot;,&quot;submenu_icon&quot;:{&quot;value&quot;:&quot;&lt;i class=\\&quot;fas fa-caret-down\\&quot; aria-hidden=\\&quot;true\\&quot;&gt;&lt;\\\/i&gt;&quot;,&quot;library&quot;:&quot;fa-solid&quot;},&quot;toggle&quot;:&quot;burger&quot;}\" data-widget_type=\"nav-menu.default\">\n\t\t\t\t<div class=\"elementor-widget-container\">\n\t\t\t\t\t\t\t\t<nav aria-label=\"Menu\" class=\"elementor-nav-menu--main elementor-nav-menu__container elementor-nav-menu--layout-horizontal e--pointer-background e--animation-fade\">\n\t\t\t\t<ul id=\"menu-1-22e3d8b\" class=\"elementor-nav-menu\"><li class=\"menu-item menu-item-type-taxonomy menu-item-object-category menu-item-45852\"><a href=\"https:\/\/www.dm-experts.fr\/en\/category\/regulatory-and-standards-flash\/\" class=\"elementor-item\">All articles<\/a><\/li>\n<li class=\"menu-item menu-item-type-taxonomy menu-item-object-category menu-item-45854\"><a href=\"https:\/\/www.dm-experts.fr\/en\/category\/regulatory-and-standards-flash\/european-regulations\/\" class=\"elementor-item\">European<br>regulations<\/a><\/li>\n<li class=\"menu-item menu-item-type-taxonomy menu-item-object-category menu-item-45859\"><a href=\"https:\/\/www.dm-experts.fr\/en\/category\/regulatory-and-standards-flash\/standards\/\" class=\"elementor-item\">Standards<\/a><\/li>\n<li class=\"menu-item menu-item-type-taxonomy menu-item-object-category menu-item-45855\"><a href=\"https:\/\/www.dm-experts.fr\/en\/category\/regulatory-and-standards-flash\/international-regulations-non-eu\/\" class=\"elementor-item\">International regulations<br>(non-EU)<\/a><\/li>\n<li class=\"menu-item menu-item-type-taxonomy menu-item-object-category menu-item-45860\"><a href=\"https:\/\/www.dm-experts.fr\/en\/category\/regulatory-and-standards-flash\/french-regulations\/\" class=\"elementor-item\">French<br>regulations<\/a><\/li>\n<li class=\"menu-item menu-item-type-taxonomy menu-item-object-category menu-item-45857\"><a href=\"https:\/\/www.dm-experts.fr\/en\/category\/regulatory-and-standards-flash\/software-ai-cybersecurity\/\" class=\"elementor-item\">Software, AI,<br>cybersecurity<\/a><\/li>\n<li class=\"menu-item menu-item-type-taxonomy menu-item-object-category menu-item-45853\"><a href=\"https:\/\/www.dm-experts.fr\/en\/category\/regulatory-and-standards-flash\/reimbursement-and-market-access\/\" class=\"elementor-item\">Reimbursement<br>and market access<\/a><\/li>\n<li class=\"menu-item menu-item-type-taxonomy menu-item-object-category menu-item-45856\"><a href=\"https:\/\/www.dm-experts.fr\/en\/category\/regulatory-and-standards-flash\/other-useful-information\/\" class=\"elementor-item\">Other<\/a><\/li>\n<li class=\"menu-item menu-item-type-taxonomy menu-item-object-category menu-item-45858\"><a href=\"https:\/\/www.dm-experts.fr\/en\/category\/news-from-the-network\/\" class=\"elementor-item\">News from the network<\/a><\/li>\n<li class=\"menu-item menu-item-type-post_type menu-item-object-page menu-item-47636\"><a href=\"https:\/\/www.dm-experts.fr\/en\/contact-us\/\" class=\"elementor-item\">Contact us<\/a><\/li>\n<li class=\"menu-item menu-item-type-post_type menu-item-object-page menu-item-47753\"><a href=\"https:\/\/www.dm-experts.fr\/en\/thank-you-for-your-request\/\" class=\"elementor-item\">Thank you for your request<\/a><\/li>\n<\/ul>\t\t\t<\/nav>\n\t\t\t\t\t<div class=\"elementor-menu-toggle\" role=\"button\" tabindex=\"0\" aria-label=\"Menu Toggle\" aria-expanded=\"false\">\n\t\t\t<i aria-hidden=\"true\" role=\"presentation\" class=\"elementor-menu-toggle__icon--open eicon-menu-bar\"><\/i><i aria-hidden=\"true\" role=\"presentation\" class=\"elementor-menu-toggle__icon--close eicon-close\"><\/i>\t\t<\/div>\n\t\t\t\t\t<nav class=\"elementor-nav-menu--dropdown elementor-nav-menu__container\" aria-hidden=\"true\">\n\t\t\t\t<ul id=\"menu-2-22e3d8b\" class=\"elementor-nav-menu\"><li class=\"menu-item menu-item-type-taxonomy menu-item-object-category menu-item-45852\"><a href=\"https:\/\/www.dm-experts.fr\/en\/category\/regulatory-and-standards-flash\/\" class=\"elementor-item\" tabindex=\"-1\">All articles<\/a><\/li>\n<li class=\"menu-item menu-item-type-taxonomy menu-item-object-category menu-item-45854\"><a href=\"https:\/\/www.dm-experts.fr\/en\/category\/regulatory-and-standards-flash\/european-regulations\/\" class=\"elementor-item\" tabindex=\"-1\">European<br>regulations<\/a><\/li>\n<li class=\"menu-item menu-item-type-taxonomy menu-item-object-category menu-item-45859\"><a href=\"https:\/\/www.dm-experts.fr\/en\/category\/regulatory-and-standards-flash\/standards\/\" class=\"elementor-item\" tabindex=\"-1\">Standards<\/a><\/li>\n<li class=\"menu-item menu-item-type-taxonomy menu-item-object-category menu-item-45855\"><a href=\"https:\/\/www.dm-experts.fr\/en\/category\/regulatory-and-standards-flash\/international-regulations-non-eu\/\" class=\"elementor-item\" tabindex=\"-1\">International regulations<br>(non-EU)<\/a><\/li>\n<li class=\"menu-item menu-item-type-taxonomy menu-item-object-category menu-item-45860\"><a href=\"https:\/\/www.dm-experts.fr\/en\/category\/regulatory-and-standards-flash\/french-regulations\/\" class=\"elementor-item\" tabindex=\"-1\">French<br>regulations<\/a><\/li>\n<li class=\"menu-item menu-item-type-taxonomy menu-item-object-category menu-item-45857\"><a href=\"https:\/\/www.dm-experts.fr\/en\/category\/regulatory-and-standards-flash\/software-ai-cybersecurity\/\" class=\"elementor-item\" tabindex=\"-1\">Software, AI,<br>cybersecurity<\/a><\/li>\n<li class=\"menu-item menu-item-type-taxonomy menu-item-object-category menu-item-45853\"><a href=\"https:\/\/www.dm-experts.fr\/en\/category\/regulatory-and-standards-flash\/reimbursement-and-market-access\/\" class=\"elementor-item\" tabindex=\"-1\">Reimbursement<br>and market access<\/a><\/li>\n<li class=\"menu-item menu-item-type-taxonomy menu-item-object-category menu-item-45856\"><a href=\"https:\/\/www.dm-experts.fr\/en\/category\/regulatory-and-standards-flash\/other-useful-information\/\" class=\"elementor-item\" tabindex=\"-1\">Other<\/a><\/li>\n<li class=\"menu-item menu-item-type-taxonomy menu-item-object-category menu-item-45858\"><a href=\"https:\/\/www.dm-experts.fr\/en\/category\/news-from-the-network\/\" class=\"elementor-item\" tabindex=\"-1\">News from the network<\/a><\/li>\n<li class=\"menu-item menu-item-type-post_type menu-item-object-page menu-item-47636\"><a href=\"https:\/\/www.dm-experts.fr\/en\/contact-us\/\" class=\"elementor-item\" tabindex=\"-1\">Contact us<\/a><\/li>\n<li class=\"menu-item menu-item-type-post_type menu-item-object-page menu-item-47753\"><a href=\"https:\/\/www.dm-experts.fr\/en\/thank-you-for-your-request\/\" class=\"elementor-item\" tabindex=\"-1\">Thank you for your request<\/a><\/li>\n<\/ul>\t\t\t<\/nav>\n\t\t\t\t\t\t<\/div>\n\t\t\t\t<\/div>\n\t\t\t\t\t<\/div>\n\t\t<\/div>\n\t\t\t\t\t<\/div>\n\t\t<\/section>\n\t\t\t\t<section class=\"elementor-section elementor-top-section elementor-element elementor-element-1472127 elementor-section-boxed elementor-section-height-default elementor-section-height-default\" data-id=\"1472127\" data-element_type=\"section\">\n\t\t\t\t\t\t<div class=\"elementor-container elementor-column-gap-default\">\n\t\t\t\t\t<div class=\"elementor-column elementor-col-100 elementor-top-column elementor-element elementor-element-ed75650\" data-id=\"ed75650\" data-element_type=\"column\">\n\t\t\t<div class=\"elementor-widget-wrap elementor-element-populated\">\n\t\t\t\t\t\t\t<\/div>\n\t\t<\/div>\n\t\t\t\t\t<\/div>\n\t\t<\/section>\n\t\t\t\t<\/div>\n\t\t","protected":false},"excerpt":{"rendered":"<p>Search an article Our free watch<\/p>\n","protected":false},"author":2,"featured_media":0,"parent":0,"menu_order":21,"comment_status":"closed","ping_status":"closed","template":"elementor_header_footer","meta":{"_monsterinsights_skip_tracking":false,"_monsterinsights_sitenote_active":false,"_monsterinsights_sitenote_note":"","_monsterinsights_sitenote_category":0,"footnotes":""},"class_list":["post-43281","page","type-page","status-publish","hentry"],"yoast_head":"<!-- This site is optimized with the Yoast SEO plugin v26.5 - https:\/\/yoast.com\/wordpress\/plugins\/seo\/ -->\n<title>Regulatory and standards Flash - DMEXPERTS - Veille, formation et conseil pour les dispositifs m\u00e9dicaux- R\u00e9seau de consultants<\/title>\n<meta name=\"robots\" content=\"index, follow, max-snippet:-1, max-image-preview:large, max-video-preview:-1\" \/>\n<link rel=\"canonical\" href=\"https:\/\/www.dm-experts.fr\/en\/regulatory-and-standards-flash\/\" \/>\n<meta property=\"og:locale\" content=\"en_US\" \/>\n<meta property=\"og:type\" content=\"article\" \/>\n<meta property=\"og:title\" content=\"Regulatory and standards Flash - DMEXPERTS - Veille, formation et conseil pour les dispositifs m\u00e9dicaux- R\u00e9seau de consultants\" \/>\n<meta property=\"og:description\" content=\"Search an article Our free watch\" \/>\n<meta property=\"og:url\" content=\"https:\/\/www.dm-experts.fr\/en\/regulatory-and-standards-flash\/\" \/>\n<meta property=\"og:site_name\" content=\"DMEXPERTS - Veille, formation et conseil pour les dispositifs m\u00e9dicaux- R\u00e9seau de consultants\" \/>\n<meta property=\"article:modified_time\" content=\"2025-10-22T15:45:03+00:00\" \/>\n<script type=\"application\/ld+json\" class=\"yoast-schema-graph\">{\"@context\":\"https:\/\/schema.org\",\"@graph\":[{\"@type\":\"WebPage\",\"@id\":\"https:\/\/www.dm-experts.fr\/en\/regulatory-and-standards-flash\/\",\"url\":\"https:\/\/www.dm-experts.fr\/en\/regulatory-and-standards-flash\/\",\"name\":\"Regulatory and standards Flash - DMEXPERTS - Veille, formation et conseil pour les dispositifs m\u00e9dicaux- R\u00e9seau de consultants\",\"isPartOf\":{\"@id\":\"https:\/\/www.dm-experts.fr\/#website\"},\"datePublished\":\"2014-07-07T11:00:01+00:00\",\"dateModified\":\"2025-10-22T15:45:03+00:00\",\"breadcrumb\":{\"@id\":\"https:\/\/www.dm-experts.fr\/en\/regulatory-and-standards-flash\/#breadcrumb\"},\"inLanguage\":\"en-US\",\"potentialAction\":[{\"@type\":\"ReadAction\",\"target\":[\"https:\/\/www.dm-experts.fr\/en\/regulatory-and-standards-flash\/\"]}]},{\"@type\":\"BreadcrumbList\",\"@id\":\"https:\/\/www.dm-experts.fr\/en\/regulatory-and-standards-flash\/#breadcrumb\",\"itemListElement\":[{\"@type\":\"ListItem\",\"position\":1,\"name\":\"Accueil\",\"item\":\"https:\/\/www.dm-experts.fr\/en\/home\/\"},{\"@type\":\"ListItem\",\"position\":2,\"name\":\"Regulatory and standards Flash\"}]},{\"@type\":\"WebSite\",\"@id\":\"https:\/\/www.dm-experts.fr\/#website\",\"url\":\"https:\/\/www.dm-experts.fr\/\",\"name\":\"DMEXPERTS - Veille, formation et conseil pour les dispositifs m\u00e9dicaux- R\u00e9seau de consultants\",\"description\":\"Ensemble, nous r\u00e9ussirons !\",\"publisher\":{\"@id\":\"https:\/\/www.dm-experts.fr\/#organization\"},\"potentialAction\":[{\"@type\":\"SearchAction\",\"target\":{\"@type\":\"EntryPoint\",\"urlTemplate\":\"https:\/\/www.dm-experts.fr\/?s={search_term_string}\"},\"query-input\":{\"@type\":\"PropertyValueSpecification\",\"valueRequired\":true,\"valueName\":\"search_term_string\"}}],\"inLanguage\":\"en-US\"},{\"@type\":\"Organization\",\"@id\":\"https:\/\/www.dm-experts.fr\/#organization\",\"name\":\"DMEXPERTS - Veille, formation et conseil pour les dispositifs m\u00e9dicaux- R\u00e9seau de consultants\",\"url\":\"https:\/\/www.dm-experts.fr\/\",\"logo\":{\"@type\":\"ImageObject\",\"inLanguage\":\"en-US\",\"@id\":\"https:\/\/www.dm-experts.fr\/#\/schema\/logo\/image\/\",\"url\":\"https:\/\/www.dm-experts.fr\/wp-content\/uploads\/2024\/02\/cropped-Logo_DM_Experts_2023_PNG.png\",\"contentUrl\":\"https:\/\/www.dm-experts.fr\/wp-content\/uploads\/2024\/02\/cropped-Logo_DM_Experts_2023_PNG.png\",\"width\":1998,\"height\":1999,\"caption\":\"DMEXPERTS - Veille, formation et conseil pour les dispositifs m\u00e9dicaux- R\u00e9seau de consultants\"},\"image\":{\"@id\":\"https:\/\/www.dm-experts.fr\/#\/schema\/logo\/image\/\"}}]}<\/script>\n<!-- \/ Yoast SEO plugin. -->","yoast_head_json":{"title":"Regulatory and standards Flash - DMEXPERTS - Veille, formation et conseil pour les dispositifs m\u00e9dicaux- R\u00e9seau de consultants","robots":{"index":"index","follow":"follow","max-snippet":"max-snippet:-1","max-image-preview":"max-image-preview:large","max-video-preview":"max-video-preview:-1"},"canonical":"https:\/\/www.dm-experts.fr\/en\/regulatory-and-standards-flash\/","og_locale":"en_US","og_type":"article","og_title":"Regulatory and standards Flash - DMEXPERTS - Veille, formation et conseil pour les dispositifs m\u00e9dicaux- R\u00e9seau de consultants","og_description":"Search an article Our free watch","og_url":"https:\/\/www.dm-experts.fr\/en\/regulatory-and-standards-flash\/","og_site_name":"DMEXPERTS - Veille, formation et conseil pour les dispositifs m\u00e9dicaux- R\u00e9seau de consultants","article_modified_time":"2025-10-22T15:45:03+00:00","schema":{"@context":"https:\/\/schema.org","@graph":[{"@type":"WebPage","@id":"https:\/\/www.dm-experts.fr\/en\/regulatory-and-standards-flash\/","url":"https:\/\/www.dm-experts.fr\/en\/regulatory-and-standards-flash\/","name":"Regulatory and standards Flash - DMEXPERTS - Veille, formation et conseil pour les dispositifs m\u00e9dicaux- R\u00e9seau de consultants","isPartOf":{"@id":"https:\/\/www.dm-experts.fr\/#website"},"datePublished":"2014-07-07T11:00:01+00:00","dateModified":"2025-10-22T15:45:03+00:00","breadcrumb":{"@id":"https:\/\/www.dm-experts.fr\/en\/regulatory-and-standards-flash\/#breadcrumb"},"inLanguage":"en-US","potentialAction":[{"@type":"ReadAction","target":["https:\/\/www.dm-experts.fr\/en\/regulatory-and-standards-flash\/"]}]},{"@type":"BreadcrumbList","@id":"https:\/\/www.dm-experts.fr\/en\/regulatory-and-standards-flash\/#breadcrumb","itemListElement":[{"@type":"ListItem","position":1,"name":"Accueil","item":"https:\/\/www.dm-experts.fr\/en\/home\/"},{"@type":"ListItem","position":2,"name":"Regulatory and standards Flash"}]},{"@type":"WebSite","@id":"https:\/\/www.dm-experts.fr\/#website","url":"https:\/\/www.dm-experts.fr\/","name":"DMEXPERTS - Veille, formation et conseil pour les dispositifs m\u00e9dicaux- R\u00e9seau de consultants","description":"Ensemble, nous r\u00e9ussirons !","publisher":{"@id":"https:\/\/www.dm-experts.fr\/#organization"},"potentialAction":[{"@type":"SearchAction","target":{"@type":"EntryPoint","urlTemplate":"https:\/\/www.dm-experts.fr\/?s={search_term_string}"},"query-input":{"@type":"PropertyValueSpecification","valueRequired":true,"valueName":"search_term_string"}}],"inLanguage":"en-US"},{"@type":"Organization","@id":"https:\/\/www.dm-experts.fr\/#organization","name":"DMEXPERTS - Veille, formation et conseil pour les dispositifs m\u00e9dicaux- R\u00e9seau de consultants","url":"https:\/\/www.dm-experts.fr\/","logo":{"@type":"ImageObject","inLanguage":"en-US","@id":"https:\/\/www.dm-experts.fr\/#\/schema\/logo\/image\/","url":"https:\/\/www.dm-experts.fr\/wp-content\/uploads\/2024\/02\/cropped-Logo_DM_Experts_2023_PNG.png","contentUrl":"https:\/\/www.dm-experts.fr\/wp-content\/uploads\/2024\/02\/cropped-Logo_DM_Experts_2023_PNG.png","width":1998,"height":1999,"caption":"DMEXPERTS - Veille, formation et conseil pour les dispositifs m\u00e9dicaux- R\u00e9seau de consultants"},"image":{"@id":"https:\/\/www.dm-experts.fr\/#\/schema\/logo\/image\/"}}]}},"_links":{"self":[{"href":"https:\/\/www.dm-experts.fr\/en\/wp-json\/wp\/v2\/pages\/43281","targetHints":{"allow":["GET"]}}],"collection":[{"href":"https:\/\/www.dm-experts.fr\/en\/wp-json\/wp\/v2\/pages"}],"about":[{"href":"https:\/\/www.dm-experts.fr\/en\/wp-json\/wp\/v2\/types\/page"}],"author":[{"embeddable":true,"href":"https:\/\/www.dm-experts.fr\/en\/wp-json\/wp\/v2\/users\/2"}],"replies":[{"embeddable":true,"href":"https:\/\/www.dm-experts.fr\/en\/wp-json\/wp\/v2\/comments?post=43281"}],"version-history":[{"count":0,"href":"https:\/\/www.dm-experts.fr\/en\/wp-json\/wp\/v2\/pages\/43281\/revisions"}],"wp:attachment":[{"href":"https:\/\/www.dm-experts.fr\/en\/wp-json\/wp\/v2\/media?parent=43281"}],"curies":[{"name":"wp","href":"https:\/\/api.w.org\/{rel}","templated":true}]}}