{"id":43279,"date":"2024-08-07T15:43:57","date_gmt":"2024-08-07T13:43:57","guid":{"rendered":"https:\/\/www.dm-experts.fr\/make-an-appointment\/"},"modified":"2026-02-12T11:20:33","modified_gmt":"2026-02-12T10:20:33","slug":"make-an-appointment","status":"publish","type":"page","link":"https:\/\/www.dm-experts.fr\/en\/make-an-appointment\/","title":{"rendered":"Make an appointment"},"content":{"rendered":"\t\t<div data-elementor-type=\"wp-page\" data-elementor-id=\"43279\" class=\"elementor elementor-43279 elementor-35606\" data-elementor-post-type=\"page\">\n\t\t\t\t\t\t<section class=\"elementor-section elementor-top-section elementor-element elementor-element-fb728ef elementor-section-boxed elementor-section-height-default elementor-section-height-default\" data-id=\"fb728ef\" data-element_type=\"section\" data-e-type=\"section\">\n\t\t\t\t\t\t<div class=\"elementor-container elementor-column-gap-default\">\n\t\t\t\t\t<div class=\"elementor-column elementor-col-50 elementor-top-column elementor-element elementor-element-76839c5\" data-id=\"76839c5\" data-element_type=\"column\" data-e-type=\"column\">\n\t\t\t<div class=\"elementor-widget-wrap elementor-element-populated\">\n\t\t\t\t\t\t<div class=\"elementor-element elementor-element-05b79b0 elementor-widget elementor-widget-breadcrumbs\" data-id=\"05b79b0\" data-element_type=\"widget\" data-e-type=\"widget\" data-widget_type=\"breadcrumbs.default\">\n\t\t\t\t<div class=\"elementor-widget-container\">\n\t\t\t\t\t<p id=\"breadcrumbs\"><span><span><a href=\"https:\/\/www.dm-experts.fr\/en\/home\/\">Accueil<\/a><\/span><\/span><\/p>\t\t\t\t<\/div>\n\t\t\t\t<\/div>\n\t\t\t\t<div class=\"elementor-element elementor-element-c8a66bf elementor-widget elementor-widget-heading\" data-id=\"c8a66bf\" data-element_type=\"widget\" data-e-type=\"widget\" data-widget_type=\"heading.default\">\n\t\t\t\t<div class=\"elementor-widget-container\">\n\t\t\t\t\t<h1 class=\"elementor-heading-title elementor-size-default\">Need to discuss or clarify your needs?<br>Make an appointment now!<\/h1>\t\t\t\t<\/div>\n\t\t\t\t<\/div>\n\t\t\t\t\t<\/div>\n\t\t<\/div>\n\t\t\t\t<div class=\"elementor-column elementor-col-50 elementor-top-column elementor-element elementor-element-90ee2b2\" data-id=\"90ee2b2\" data-element_type=\"column\" data-e-type=\"column\" data-settings=\"{&quot;background_background&quot;:&quot;classic&quot;}\">\n\t\t\t<div class=\"elementor-widget-wrap elementor-element-populated\">\n\t\t\t\t\t\t<div class=\"elementor-element elementor-element-42e81b4 elementor-align-center elementor-icon-list--layout-traditional elementor-list-item-link-full_width elementor-widget elementor-widget-icon-list\" data-id=\"42e81b4\" data-element_type=\"widget\" data-e-type=\"widget\" data-widget_type=\"icon-list.default\">\n\t\t\t\t<div class=\"elementor-widget-container\">\n\t\t\t\t\t\t\t<ul class=\"elementor-icon-list-items\">\n\t\t\t\t\t\t\t<li class=\"elementor-icon-list-item\">\n\t\t\t\t\t\t\t\t\t\t\t<span class=\"elementor-icon-list-icon\">\n\t\t\t\t\t\t\t<i aria-hidden=\"true\" class=\"fas fa-shipping-fast\"><\/i>\t\t\t\t\t\t<\/span>\n\t\t\t\t\t\t\t\t\t\t<span class=\"elementor-icon-list-text\">QUICK CONTACT (24h working days)<\/span>\n\t\t\t\t\t\t\t\t\t<\/li>\n\t\t\t\t\t\t<\/ul>\n\t\t\t\t\t\t<\/div>\n\t\t\t\t<\/div>\n\t\t\t\t\t<\/div>\n\t\t<\/div>\n\t\t\t\t\t<\/div>\n\t\t<\/section>\n\t\t\t\t<section class=\"elementor-section elementor-top-section elementor-element elementor-element-ac4fb04 elementor-section-boxed elementor-section-height-default elementor-section-height-default\" data-id=\"ac4fb04\" data-element_type=\"section\" data-e-type=\"section\">\n\t\t\t\t\t\t<div class=\"elementor-container elementor-column-gap-default\">\n\t\t\t\t\t<div class=\"elementor-column elementor-col-100 elementor-top-column elementor-element elementor-element-d050293\" data-id=\"d050293\" data-element_type=\"column\" data-e-type=\"column\">\n\t\t\t<div class=\"elementor-widget-wrap elementor-element-populated\">\n\t\t\t\t\t\t<div class=\"elementor-element elementor-element-9572e32 elementor-widget elementor-widget-text-editor\" data-id=\"9572e32\" data-element_type=\"widget\" data-e-type=\"widget\" data-widget_type=\"text-editor.default\">\n\t\t\t\t<div class=\"elementor-widget-container\">\n\t\t\t\t\t\t\t\t\t<p><span style=\"text-decoration: underline;\">Duration:<\/span> 30 minutes<\/p><p><span style=\"text-decoration: underline;\">Price :<\/span> <em>Free<\/em><\/p><p>Not sure what you really need? Give us 30 minutes of your time and we&#8217;ll work together to understand your objectives and then draw up a service proposal and quotation. <\/p>\t\t\t\t\t\t\t\t<\/div>\n\t\t\t\t<\/div>\n\t\t\t\t\t<\/div>\n\t\t<\/div>\n\t\t\t\t\t<\/div>\n\t\t<\/section>\n\t\t\t\t<section class=\"elementor-section elementor-top-section elementor-element elementor-element-111ad21 elementor-section-content-top elementor-section-boxed elementor-section-height-default elementor-section-height-default\" data-id=\"111ad21\" data-element_type=\"section\" data-e-type=\"section\">\n\t\t\t\t\t\t<div class=\"elementor-container elementor-column-gap-default\">\n\t\t\t\t\t<div class=\"elementor-column elementor-col-50 elementor-top-column elementor-element elementor-element-a72a9cc\" data-id=\"a72a9cc\" data-element_type=\"column\" data-e-type=\"column\">\n\t\t\t<div class=\"elementor-widget-wrap elementor-element-populated\">\n\t\t\t\t\t\t<div class=\"elementor-element elementor-element-503eafb elementor-widget elementor-widget-html\" data-id=\"503eafb\" data-element_type=\"widget\" data-e-type=\"widget\" data-widget_type=\"html.default\">\n\t\t\t\t<div class=\"elementor-widget-container\">\n\t\t\t\t\t<iframe width=\"100%\" style=\"overflow:hidden !important;\" height=\"850\" src=\"https:\/\/meet.brevo.com\/rdv-dmexperts\/click-here-to-select-a-timeslot\">&lt;<\/iframe>\t\t\t\t<\/div>\n\t\t\t\t<\/div>\n\t\t\t\t\t<\/div>\n\t\t<\/div>\n\t\t\t\t<div class=\"elementor-column elementor-col-50 elementor-top-column elementor-element elementor-element-adb452b\" data-id=\"adb452b\" data-element_type=\"column\" data-e-type=\"column\">\n\t\t\t<div class=\"elementor-widget-wrap elementor-element-populated\">\n\t\t\t\t\t\t<div class=\"elementor-element elementor-element-161d3f4 elementor-widget elementor-widget-spacer\" data-id=\"161d3f4\" data-element_type=\"widget\" data-e-type=\"widget\" data-widget_type=\"spacer.default\">\n\t\t\t\t<div class=\"elementor-widget-container\">\n\t\t\t\t\t\t\t<div class=\"elementor-spacer\">\n\t\t\t<div class=\"elementor-spacer-inner\"><\/div>\n\t\t<\/div>\n\t\t\t\t\t\t<\/div>\n\t\t\t\t<\/div>\n\t\t\t\t<div class=\"elementor-element elementor-element-eca8e42 elementor-widget elementor-widget-heading\" data-id=\"eca8e42\" data-element_type=\"widget\" data-e-type=\"widget\" data-widget_type=\"heading.default\">\n\t\t\t\t<div class=\"elementor-widget-container\">\n\t\t\t\t\t<h2 class=\"elementor-heading-title elementor-size-default\"><br>Would you like us to call you back quickly?<\/h2>\t\t\t\t<\/div>\n\t\t\t\t<\/div>\n\t\t\t\t<div class=\"elementor-element elementor-element-cb1809f elementor-widget elementor-widget-text-editor\" data-id=\"cb1809f\" data-element_type=\"widget\" data-e-type=\"widget\" data-widget_type=\"text-editor.default\">\n\t\t\t\t<div class=\"elementor-widget-container\">\n\t\t\t\t\t\t\t\t\t<p>It couldn&#8217;t be easier: use DMEXPERTS&#8217; calendar.<\/p><ul><li>Choose a date<\/li><li>Select a timeslot<\/li><li>Enter your contact details<\/li><\/ul><p> <\/p><p>We&#8217;ll meet you on a video call (or take care of calling you) at the time you have chosen for a half-hour discussion about your needs.<\/p>\t\t\t\t\t\t\t\t<\/div>\n\t\t\t\t<\/div>\n\t\t\t\t<div class=\"elementor-element elementor-element-7138e34 elementor-widget elementor-widget-heading\" data-id=\"7138e34\" data-element_type=\"widget\" data-e-type=\"widget\" data-widget_type=\"heading.default\">\n\t\t\t\t<div class=\"elementor-widget-container\">\n\t\t\t\t\t<h2 class=\"elementor-heading-title elementor-size-default\">Would you prefer to contact us by e-mail?<\/h2>\t\t\t\t<\/div>\n\t\t\t\t<\/div>\n\t\t\t\t<div class=\"elementor-element elementor-element-8b651c3 elementor-align-center elementor-widget elementor-widget-button\" data-id=\"8b651c3\" data-element_type=\"widget\" data-e-type=\"widget\" data-widget_type=\"button.default\">\n\t\t\t\t<div class=\"elementor-widget-container\">\n\t\t\t\t\t\t\t\t\t<div class=\"elementor-button-wrapper\">\n\t\t\t\t\t<a class=\"elementor-button elementor-button-link elementor-size-sm\" href=\"https:\/\/www.dm-experts.fr\/en\/contact-us\/\">\n\t\t\t\t\t\t<span class=\"elementor-button-content-wrapper\">\n\t\t\t\t\t\t\t\t\t<span class=\"elementor-button-text\">Go to contact form<\/span>\n\t\t\t\t\t<\/span>\n\t\t\t\t\t<\/a>\n\t\t\t\t<\/div>\n\t\t\t\t\t\t\t\t<\/div>\n\t\t\t\t<\/div>\n\t\t\t\t\t<\/div>\n\t\t<\/div>\n\t\t\t\t\t<\/div>\n\t\t<\/section>\n\t\t\t\t<section class=\"elementor-section elementor-top-section elementor-element elementor-element-65ac509 elementor-section-boxed elementor-section-height-default elementor-section-height-default\" data-id=\"65ac509\" data-element_type=\"section\" data-e-type=\"section\" data-settings=\"{&quot;background_background&quot;:&quot;classic&quot;}\">\n\t\t\t\t\t\t<div class=\"elementor-container elementor-column-gap-default\">\n\t\t\t\t\t<div class=\"elementor-column elementor-col-100 elementor-top-column elementor-element elementor-element-9ee709d\" data-id=\"9ee709d\" data-element_type=\"column\" data-e-type=\"column\" data-settings=\"{&quot;background_background&quot;:&quot;classic&quot;}\">\n\t\t\t<div class=\"elementor-widget-wrap elementor-element-populated\">\n\t\t\t\t\t\t<div class=\"elementor-element elementor-element-8ede919 elementor-widget elementor-widget-heading\" data-id=\"8ede919\" data-element_type=\"widget\" data-e-type=\"widget\" data-widget_type=\"heading.default\">\n\t\t\t\t<div class=\"elementor-widget-container\">\n\t\t\t\t\t<h2 class=\"elementor-heading-title elementor-size-default\">Services concerned<\/h2>\t\t\t\t<\/div>\n\t\t\t\t<\/div>\n\t\t\t\t\t<\/div>\n\t\t<\/div>\n\t\t\t\t\t<\/div>\n\t\t<\/section>\n\t\t\t\t<section class=\"elementor-section elementor-top-section elementor-element elementor-element-2ec8741 elementor-section-boxed elementor-section-height-default elementor-section-height-default\" data-id=\"2ec8741\" data-element_type=\"section\" data-e-type=\"section\">\n\t\t\t\t\t\t<div class=\"elementor-container elementor-column-gap-default\">\n\t\t\t\t\t<div class=\"elementor-column elementor-col-33 elementor-top-column elementor-element elementor-element-1fb7d05\" data-id=\"1fb7d05\" data-element_type=\"column\" data-e-type=\"column\">\n\t\t\t<div class=\"elementor-widget-wrap elementor-element-populated\">\n\t\t\t\t\t\t<div class=\"elementor-element elementor-element-c00c61b elementor-position-top elementor-widget elementor-widget-image-box\" data-id=\"c00c61b\" data-element_type=\"widget\" data-e-type=\"widget\" data-widget_type=\"image-box.default\">\n\t\t\t\t<div class=\"elementor-widget-container\">\n\t\t\t\t\t<div class=\"elementor-image-box-wrapper\"><figure class=\"elementor-image-box-img\"><img decoding=\"async\" src=\"https:\/\/www.dm-experts.fr\/wp-content\/uploads\/elementor\/thumbs\/dm-experts-veille-qra4e7o4j7he8jhk59gt3iws626azfcf2o00zxu274.jpg\" title=\"dm-experts-veille\" alt=\"dm-experts-veille\" loading=\"lazy\" \/><\/figure><div class=\"elementor-image-box-content\"><h3 class=\"elementor-image-box-title\">Watch<\/h3><\/div><\/div>\t\t\t\t<\/div>\n\t\t\t\t<\/div>\n\t\t\t\t\t<\/div>\n\t\t<\/div>\n\t\t\t\t<div class=\"elementor-column elementor-col-33 elementor-top-column elementor-element elementor-element-aa8c2a5\" data-id=\"aa8c2a5\" data-element_type=\"column\" data-e-type=\"column\">\n\t\t\t<div class=\"elementor-widget-wrap elementor-element-populated\">\n\t\t\t\t\t\t<div class=\"elementor-element elementor-element-2bd04a2 elementor-position-top elementor-widget elementor-widget-image-box\" data-id=\"2bd04a2\" data-element_type=\"widget\" data-e-type=\"widget\" data-widget_type=\"image-box.default\">\n\t\t\t\t<div class=\"elementor-widget-container\">\n\t\t\t\t\t<div class=\"elementor-image-box-wrapper\"><figure class=\"elementor-image-box-img\"><img decoding=\"async\" src=\"https:\/\/www.dm-experts.fr\/wp-content\/uploads\/elementor\/thumbs\/dm-experts-formation-qra4eyxg1eipl8dyq38zlu15e8fy6ncmuex3wypn6o.jpg\" title=\"dm-experts-formation\" alt=\"dm-experts-formation\" loading=\"lazy\" \/><\/figure><div class=\"elementor-image-box-content\"><h3 class=\"elementor-image-box-title\">Training<\/h3><\/div><\/div>\t\t\t\t<\/div>\n\t\t\t\t<\/div>\n\t\t\t\t\t<\/div>\n\t\t<\/div>\n\t\t\t\t<div class=\"elementor-column elementor-col-33 elementor-top-column elementor-element elementor-element-71f8527\" data-id=\"71f8527\" data-element_type=\"column\" data-e-type=\"column\">\n\t\t\t<div class=\"elementor-widget-wrap elementor-element-populated\">\n\t\t\t\t\t\t<div class=\"elementor-element elementor-element-b9bc7f7 elementor-position-top elementor-widget elementor-widget-image-box\" data-id=\"b9bc7f7\" data-element_type=\"widget\" data-e-type=\"widget\" data-widget_type=\"image-box.default\">\n\t\t\t\t<div class=\"elementor-widget-container\">\n\t\t\t\t\t<div class=\"elementor-image-box-wrapper\"><figure class=\"elementor-image-box-img\"><img decoding=\"async\" src=\"https:\/\/www.dm-experts.fr\/wp-content\/uploads\/elementor\/thumbs\/dm-experts-conseils-qra4fewp9l4l2lqr4s5na7zzhs96ti42km0d2o1y8w.jpg\" title=\"dm-experts-conseils\" alt=\"dm-experts-conseils\" loading=\"lazy\" \/><\/figure><div class=\"elementor-image-box-content\"><h3 class=\"elementor-image-box-title\">Consulting<\/h3><\/div><\/div>\t\t\t\t<\/div>\n\t\t\t\t<\/div>\n\t\t\t\t\t<\/div>\n\t\t<\/div>\n\t\t\t\t\t<\/div>\n\t\t<\/section>\n\t\t\t\t<\/div>\n\t\t","protected":false},"excerpt":{"rendered":"<p>Need to discuss or clarify your needs?Make an appointment now! QUICK CONTACT (24h working days) Duration: 30 minutes Price : Free Not sure what you really need? Give us 30 minutes of your time and we&#8217;ll work together to understand your objectives and then draw up a service proposal and quotation. &lt; Would you like [&hellip;]<\/p>\n","protected":false},"author":4,"featured_media":0,"parent":0,"menu_order":7,"comment_status":"closed","ping_status":"closed","template":"","meta":{"_monsterinsights_skip_tracking":false,"_monsterinsights_sitenote_active":false,"_monsterinsights_sitenote_note":"","_monsterinsights_sitenote_category":0,"footnotes":""},"class_list":["post-43279","page","type-page","status-publish","hentry"],"yoast_head":"<!-- This site is optimized with the Yoast SEO plugin v26.5 - https:\/\/yoast.com\/wordpress\/plugins\/seo\/ -->\n<title>Make an appointment - DMEXPERTS - Veille, formation et conseil pour les dispositifs m\u00e9dicaux- R\u00e9seau de consultants<\/title>\n<meta name=\"description\" content=\"You can easily make an appointment with a competent medical device contact and explain your needs.\" \/>\n<meta name=\"robots\" content=\"index, follow, max-snippet:-1, max-image-preview:large, max-video-preview:-1\" \/>\n<link rel=\"canonical\" href=\"https:\/\/www.dm-experts.fr\/en\/make-an-appointment\/\" \/>\n<meta property=\"og:locale\" content=\"en_US\" \/>\n<meta property=\"og:type\" content=\"article\" \/>\n<meta property=\"og:title\" content=\"Make an appointment - DMEXPERTS - Veille, formation et conseil pour les dispositifs m\u00e9dicaux- R\u00e9seau de consultants\" \/>\n<meta property=\"og:description\" content=\"You can easily make an appointment with a competent medical device contact and explain your needs.\" \/>\n<meta property=\"og:url\" content=\"https:\/\/www.dm-experts.fr\/en\/make-an-appointment\/\" \/>\n<meta property=\"og:site_name\" content=\"DMEXPERTS - Veille, formation et conseil pour les dispositifs m\u00e9dicaux- R\u00e9seau de consultants\" \/>\n<meta property=\"article:modified_time\" content=\"2026-02-12T10:20:33+00:00\" \/>\n<meta property=\"og:image\" content=\"https:\/\/www.dm-experts.fr\/wp-content\/uploads\/elementor\/thumbs\/dm-experts-veille-qra4e7o4j7he8jhk59gt3iws626azfcf2o00zxu274.jpg\" \/>\n<meta name=\"twitter:label1\" content=\"Est. reading time\" \/>\n\t<meta name=\"twitter:data1\" content=\"1 minute\" \/>\n<script type=\"application\/ld+json\" class=\"yoast-schema-graph\">{\"@context\":\"https:\/\/schema.org\",\"@graph\":[{\"@type\":\"WebPage\",\"@id\":\"https:\/\/www.dm-experts.fr\/en\/make-an-appointment\/\",\"url\":\"https:\/\/www.dm-experts.fr\/en\/make-an-appointment\/\",\"name\":\"Make an appointment - DMEXPERTS - Veille, formation et conseil pour les dispositifs m\u00e9dicaux- R\u00e9seau de consultants\",\"isPartOf\":{\"@id\":\"https:\/\/www.dm-experts.fr\/#website\"},\"primaryImageOfPage\":{\"@id\":\"https:\/\/www.dm-experts.fr\/en\/make-an-appointment\/#primaryimage\"},\"image\":{\"@id\":\"https:\/\/www.dm-experts.fr\/en\/make-an-appointment\/#primaryimage\"},\"thumbnailUrl\":\"https:\/\/www.dm-experts.fr\/wp-content\/uploads\/elementor\/thumbs\/dm-experts-veille-qra4e7o4j7he8jhk59gt3iws626azfcf2o00zxu274.jpg\",\"datePublished\":\"2024-08-07T13:43:57+00:00\",\"dateModified\":\"2026-02-12T10:20:33+00:00\",\"description\":\"You can easily make an appointment with a competent medical device contact and explain your needs.\",\"breadcrumb\":{\"@id\":\"https:\/\/www.dm-experts.fr\/en\/make-an-appointment\/#breadcrumb\"},\"inLanguage\":\"en-US\",\"potentialAction\":[{\"@type\":\"ReadAction\",\"target\":[\"https:\/\/www.dm-experts.fr\/en\/make-an-appointment\/\"]}]},{\"@type\":\"ImageObject\",\"inLanguage\":\"en-US\",\"@id\":\"https:\/\/www.dm-experts.fr\/en\/make-an-appointment\/#primaryimage\",\"url\":\"https:\/\/www.dm-experts.fr\/wp-content\/uploads\/elementor\/thumbs\/dm-experts-veille-qra4e7o4j7he8jhk59gt3iws626azfcf2o00zxu274.jpg\",\"contentUrl\":\"https:\/\/www.dm-experts.fr\/wp-content\/uploads\/elementor\/thumbs\/dm-experts-veille-qra4e7o4j7he8jhk59gt3iws626azfcf2o00zxu274.jpg\"},{\"@type\":\"BreadcrumbList\",\"@id\":\"https:\/\/www.dm-experts.fr\/en\/make-an-appointment\/#breadcrumb\",\"itemListElement\":[{\"@type\":\"ListItem\",\"position\":1,\"name\":\"Accueil\",\"item\":\"https:\/\/www.dm-experts.fr\/en\/home\/\"},{\"@type\":\"ListItem\",\"position\":2,\"name\":\"Make an appointment\"}]},{\"@type\":\"WebSite\",\"@id\":\"https:\/\/www.dm-experts.fr\/#website\",\"url\":\"https:\/\/www.dm-experts.fr\/\",\"name\":\"DMEXPERTS - Veille, formation et conseil pour les dispositifs m\u00e9dicaux- R\u00e9seau de consultants\",\"description\":\"Ensemble, nous r\u00e9ussirons !\",\"publisher\":{\"@id\":\"https:\/\/www.dm-experts.fr\/#organization\"},\"potentialAction\":[{\"@type\":\"SearchAction\",\"target\":{\"@type\":\"EntryPoint\",\"urlTemplate\":\"https:\/\/www.dm-experts.fr\/?s={search_term_string}\"},\"query-input\":{\"@type\":\"PropertyValueSpecification\",\"valueRequired\":true,\"valueName\":\"search_term_string\"}}],\"inLanguage\":\"en-US\"},{\"@type\":\"Organization\",\"@id\":\"https:\/\/www.dm-experts.fr\/#organization\",\"name\":\"DMEXPERTS - Veille, formation et conseil pour les dispositifs m\u00e9dicaux- R\u00e9seau de consultants\",\"url\":\"https:\/\/www.dm-experts.fr\/\",\"logo\":{\"@type\":\"ImageObject\",\"inLanguage\":\"en-US\",\"@id\":\"https:\/\/www.dm-experts.fr\/#\/schema\/logo\/image\/\",\"url\":\"https:\/\/www.dm-experts.fr\/wp-content\/uploads\/2024\/02\/cropped-Logo_DM_Experts_2023_PNG.png\",\"contentUrl\":\"https:\/\/www.dm-experts.fr\/wp-content\/uploads\/2024\/02\/cropped-Logo_DM_Experts_2023_PNG.png\",\"width\":1998,\"height\":1999,\"caption\":\"DMEXPERTS - Veille, formation et conseil pour les dispositifs m\u00e9dicaux- R\u00e9seau de consultants\"},\"image\":{\"@id\":\"https:\/\/www.dm-experts.fr\/#\/schema\/logo\/image\/\"}}]}<\/script>\n<!-- \/ Yoast SEO plugin. -->","yoast_head_json":{"title":"Make an appointment - DMEXPERTS - Veille, formation et conseil pour les dispositifs m\u00e9dicaux- R\u00e9seau de consultants","description":"You can easily make an appointment with a competent medical device contact and explain your needs.","robots":{"index":"index","follow":"follow","max-snippet":"max-snippet:-1","max-image-preview":"max-image-preview:large","max-video-preview":"max-video-preview:-1"},"canonical":"https:\/\/www.dm-experts.fr\/en\/make-an-appointment\/","og_locale":"en_US","og_type":"article","og_title":"Make an appointment - DMEXPERTS - Veille, formation et conseil pour les dispositifs m\u00e9dicaux- R\u00e9seau de consultants","og_description":"You can easily make an appointment with a competent medical device contact and explain your needs.","og_url":"https:\/\/www.dm-experts.fr\/en\/make-an-appointment\/","og_site_name":"DMEXPERTS - Veille, formation et conseil pour les dispositifs m\u00e9dicaux- R\u00e9seau de consultants","article_modified_time":"2026-02-12T10:20:33+00:00","og_image":[{"url":"https:\/\/www.dm-experts.fr\/wp-content\/uploads\/elementor\/thumbs\/dm-experts-veille-qra4e7o4j7he8jhk59gt3iws626azfcf2o00zxu274.jpg","type":"","width":"","height":""}],"twitter_misc":{"Est. reading time":"1 minute"},"schema":{"@context":"https:\/\/schema.org","@graph":[{"@type":"WebPage","@id":"https:\/\/www.dm-experts.fr\/en\/make-an-appointment\/","url":"https:\/\/www.dm-experts.fr\/en\/make-an-appointment\/","name":"Make an appointment - DMEXPERTS - Veille, formation et conseil pour les dispositifs m\u00e9dicaux- R\u00e9seau de consultants","isPartOf":{"@id":"https:\/\/www.dm-experts.fr\/#website"},"primaryImageOfPage":{"@id":"https:\/\/www.dm-experts.fr\/en\/make-an-appointment\/#primaryimage"},"image":{"@id":"https:\/\/www.dm-experts.fr\/en\/make-an-appointment\/#primaryimage"},"thumbnailUrl":"https:\/\/www.dm-experts.fr\/wp-content\/uploads\/elementor\/thumbs\/dm-experts-veille-qra4e7o4j7he8jhk59gt3iws626azfcf2o00zxu274.jpg","datePublished":"2024-08-07T13:43:57+00:00","dateModified":"2026-02-12T10:20:33+00:00","description":"You can easily make an appointment with a competent medical device contact and explain your needs.","breadcrumb":{"@id":"https:\/\/www.dm-experts.fr\/en\/make-an-appointment\/#breadcrumb"},"inLanguage":"en-US","potentialAction":[{"@type":"ReadAction","target":["https:\/\/www.dm-experts.fr\/en\/make-an-appointment\/"]}]},{"@type":"ImageObject","inLanguage":"en-US","@id":"https:\/\/www.dm-experts.fr\/en\/make-an-appointment\/#primaryimage","url":"https:\/\/www.dm-experts.fr\/wp-content\/uploads\/elementor\/thumbs\/dm-experts-veille-qra4e7o4j7he8jhk59gt3iws626azfcf2o00zxu274.jpg","contentUrl":"https:\/\/www.dm-experts.fr\/wp-content\/uploads\/elementor\/thumbs\/dm-experts-veille-qra4e7o4j7he8jhk59gt3iws626azfcf2o00zxu274.jpg"},{"@type":"BreadcrumbList","@id":"https:\/\/www.dm-experts.fr\/en\/make-an-appointment\/#breadcrumb","itemListElement":[{"@type":"ListItem","position":1,"name":"Accueil","item":"https:\/\/www.dm-experts.fr\/en\/home\/"},{"@type":"ListItem","position":2,"name":"Make an appointment"}]},{"@type":"WebSite","@id":"https:\/\/www.dm-experts.fr\/#website","url":"https:\/\/www.dm-experts.fr\/","name":"DMEXPERTS - Veille, formation et conseil pour les dispositifs m\u00e9dicaux- R\u00e9seau de consultants","description":"Ensemble, nous r\u00e9ussirons !","publisher":{"@id":"https:\/\/www.dm-experts.fr\/#organization"},"potentialAction":[{"@type":"SearchAction","target":{"@type":"EntryPoint","urlTemplate":"https:\/\/www.dm-experts.fr\/?s={search_term_string}"},"query-input":{"@type":"PropertyValueSpecification","valueRequired":true,"valueName":"search_term_string"}}],"inLanguage":"en-US"},{"@type":"Organization","@id":"https:\/\/www.dm-experts.fr\/#organization","name":"DMEXPERTS - Veille, formation et conseil pour les dispositifs m\u00e9dicaux- R\u00e9seau de consultants","url":"https:\/\/www.dm-experts.fr\/","logo":{"@type":"ImageObject","inLanguage":"en-US","@id":"https:\/\/www.dm-experts.fr\/#\/schema\/logo\/image\/","url":"https:\/\/www.dm-experts.fr\/wp-content\/uploads\/2024\/02\/cropped-Logo_DM_Experts_2023_PNG.png","contentUrl":"https:\/\/www.dm-experts.fr\/wp-content\/uploads\/2024\/02\/cropped-Logo_DM_Experts_2023_PNG.png","width":1998,"height":1999,"caption":"DMEXPERTS - Veille, formation et conseil pour les dispositifs m\u00e9dicaux- R\u00e9seau de consultants"},"image":{"@id":"https:\/\/www.dm-experts.fr\/#\/schema\/logo\/image\/"}}]}},"_links":{"self":[{"href":"https:\/\/www.dm-experts.fr\/en\/wp-json\/wp\/v2\/pages\/43279","targetHints":{"allow":["GET"]}}],"collection":[{"href":"https:\/\/www.dm-experts.fr\/en\/wp-json\/wp\/v2\/pages"}],"about":[{"href":"https:\/\/www.dm-experts.fr\/en\/wp-json\/wp\/v2\/types\/page"}],"author":[{"embeddable":true,"href":"https:\/\/www.dm-experts.fr\/en\/wp-json\/wp\/v2\/users\/4"}],"replies":[{"embeddable":true,"href":"https:\/\/www.dm-experts.fr\/en\/wp-json\/wp\/v2\/comments?post=43279"}],"version-history":[{"count":0,"href":"https:\/\/www.dm-experts.fr\/en\/wp-json\/wp\/v2\/pages\/43279\/revisions"}],"wp:attachment":[{"href":"https:\/\/www.dm-experts.fr\/en\/wp-json\/wp\/v2\/media?parent=43279"}],"curies":[{"name":"wp","href":"https:\/\/api.w.org\/{rel}","templated":true}]}}